{"id":836,"date":"2024-02-21T14:05:19","date_gmt":"2024-02-21T17:05:19","guid":{"rendered":"https:\/\/ardcempreendimentos.com.br\/?page_id=836"},"modified":"2024-02-21T14:12:28","modified_gmt":"2024-02-21T17:12:28","slug":"reformas","status":"publish","type":"page","link":"https:\/\/ardcempreendimentos.com.br\/?page_id=836","title":{"rendered":"Reformas"},"content":{"rendered":"\t\t<div data-elementor-type=\"wp-page\" data-elementor-id=\"836\" class=\"elementor elementor-836\" data-elementor-post-type=\"page\">\n\t\t\t\t\t\t\t\t\t<section class=\"elementor-section elementor-top-section elementor-element elementor-element-4e858571 elementor-section-full_width elementor-section-height-default elementor-section-height-default\" data-id=\"4e858571\" data-element_type=\"section\">\n\t\t\t\t\t\t\t<div class=\"elementor-background-overlay\"><\/div>\n\t\t\t\t\t\t\t<div class=\"elementor-container elementor-column-gap-default\">\n\t\t\t\t\t<div class=\"elementor-column elementor-col-100 elementor-top-column elementor-element elementor-element-67ad0d27\" data-id=\"67ad0d27\" data-element_type=\"column\" data-settings=\"{&quot;background_background&quot;:&quot;classic&quot;}\">\n\t\t\t<div class=\"elementor-widget-wrap elementor-element-populated\">\n\t\t\t\t\t<div class=\"elementor-background-overlay\"><\/div>\n\t\t\t\t\t\t\t\t<section class=\"elementor-section elementor-inner-section elementor-element elementor-element-6bd0355c elementor-section-boxed elementor-section-height-default elementor-section-height-default\" data-id=\"6bd0355c\" data-element_type=\"section\">\n\t\t\t\t\t\t<div class=\"elementor-container elementor-column-gap-default\">\n\t\t\t\t\t<div class=\"elementor-column elementor-col-100 elementor-inner-column elementor-element elementor-element-3e2d836\" data-id=\"3e2d836\" data-element_type=\"column\">\n\t\t\t<div class=\"elementor-widget-wrap elementor-element-populated\">\n\t\t\t\t\t\t\t\t<div class=\"elementor-element elementor-element-391e1275 de_scroll_animation_no elementor-invisible elementor-widget elementor-widget-heading\" data-id=\"391e1275\" data-element_type=\"widget\" data-settings=\"{&quot;_animation&quot;:&quot;fadeInUp&quot;}\" data-widget_type=\"heading.default\">\n\t\t\t\t<div class=\"elementor-widget-container\">\n\t\t\t<style>\/*! elementor - v3.18.0 - 20-12-2023 *\/\n.elementor-heading-title{padding:0;margin:0;line-height:1}.elementor-widget-heading .elementor-heading-title[class*=elementor-size-]>a{color:inherit;font-size:inherit;line-height:inherit}.elementor-widget-heading .elementor-heading-title.elementor-size-small{font-size:15px}.elementor-widget-heading .elementor-heading-title.elementor-size-medium{font-size:19px}.elementor-widget-heading .elementor-heading-title.elementor-size-large{font-size:29px}.elementor-widget-heading .elementor-heading-title.elementor-size-xl{font-size:39px}.elementor-widget-heading .elementor-heading-title.elementor-size-xxl{font-size:59px}<\/style><h2 class=\"elementor-heading-title elementor-size-default\">Manuten\u00e7\u00e3o e reformas<\/h2>\t\t<\/div>\n\t\t\t\t<\/div>\n\t\t\t\t\t<\/div>\n\t\t<\/div>\n\t\t\t\t\t\t\t<\/div>\n\t\t<\/section>\n\t\t\t\t\t<\/div>\n\t\t<\/div>\n\t\t\t\t\t\t\t<\/div>\n\t\t<\/section>\n\t\t<div class=\"elementor-element elementor-element-216d208f e-flex e-con-boxed e-con e-parent\" data-id=\"216d208f\" data-element_type=\"container\" data-settings=\"{&quot;background_background&quot;:&quot;classic&quot;,&quot;content_width&quot;:&quot;boxed&quot;}\" data-core-v316-plus=\"true\">\n\t\t\t\t\t<div class=\"e-con-inner\">\n\t\t\t\t<div class=\"elementor-element elementor-element-84a51e6 de_scroll_animation_no elementor-widget elementor-widget-heading\" data-id=\"84a51e6\" data-element_type=\"widget\" data-widget_type=\"heading.default\">\n\t\t\t\t<div class=\"elementor-widget-container\">\n\t\t\t<h2 class=\"elementor-heading-title elementor-size-default\">Queridos clientes em busca de transforma\u00e7\u00f5es,<\/h2>\t\t<\/div>\n\t\t\t\t<\/div>\n\t\t\t\t<div class=\"elementor-element elementor-element-1238d3f3 de_scroll_animation_no elementor-widget elementor-widget-text-editor\" data-id=\"1238d3f3\" data-element_type=\"widget\" data-widget_type=\"text-editor.default\">\n\t\t\t\t<div class=\"elementor-widget-container\">\n\t\t\t<style>\/*! elementor - v3.18.0 - 20-12-2023 *\/\n.elementor-widget-text-editor.elementor-drop-cap-view-stacked .elementor-drop-cap{background-color:#69727d;color:#fff}.elementor-widget-text-editor.elementor-drop-cap-view-framed .elementor-drop-cap{color:#69727d;border:3px solid;background-color:transparent}.elementor-widget-text-editor:not(.elementor-drop-cap-view-default) .elementor-drop-cap{margin-top:8px}.elementor-widget-text-editor:not(.elementor-drop-cap-view-default) .elementor-drop-cap-letter{width:1em;height:1em}.elementor-widget-text-editor .elementor-drop-cap{float:left;text-align:center;line-height:1;font-size:50px}.elementor-widget-text-editor .elementor-drop-cap-letter{display:inline-block}<\/style>\t\t\t\t<p>Se voc\u00eas sonham com uma casa mais acolhedora, um espa\u00e7o comercial mais atraente ou um ambiente que reflita verdadeiramente sua personalidade e estilo, est\u00e3o no lugar certo! A ARDC \u00e9 sua parceira confi\u00e1vel e apaixonada por realizar reformas que v\u00e3o al\u00e9m das expectativas e transformam seus espa\u00e7os em verdadeiros ref\u00fagios de conforto e beleza.<\/p><p>Imagine sua casa ganhando vida com uma nova pintura, seus c\u00f4modos se tornando mais funcionais com uma remodela\u00e7\u00e3o inteligente, ou seu com\u00e9rcio atraindo mais clientes com um design inovador e convidativo. Na ARDC, transformamos essas vis\u00f5es em realidade, com uma equipe de especialistas dedicados e apaixonados por fazer o imposs\u00edvel acontecer.<\/p><p>O que nos diferencia \u00e9 nosso compromisso inabal\u00e1vel com a qualidade e a excel\u00eancia em cada detalhe. N\u00e3o apenas realizamos reformas; criamos obras que refletem sua individualidade e atendem \u00e0s suas necessidades exclusivas. Nossa abordagem centrada no cliente garante que cada projeto seja uma colabora\u00e7\u00e3o \u00fanica, onde seus desejos e vis\u00f5es s\u00e3o colocados em primeiro plano.<\/p>\t\t\t\t\t\t<\/div>\n\t\t\t\t<\/div>\n\t\t\t\t\t<\/div>\n\t\t\t\t<\/div>\n\t\t<div class=\"elementor-element elementor-element-6270e440 e-con-full e-flex e-con e-parent\" data-id=\"6270e440\" data-element_type=\"container\" data-settings=\"{&quot;content_width&quot;:&quot;full&quot;,&quot;background_background&quot;:&quot;classic&quot;}\" data-core-v316-plus=\"true\">\n\t\t\t\t<div class=\"elementor-element elementor-element-5cbbf6df de_scroll_animation_no elementor-widget elementor-widget-heading\" data-id=\"5cbbf6df\" data-element_type=\"widget\" data-widget_type=\"heading.default\">\n\t\t\t\t<div class=\"elementor-widget-container\">\n\t\t\t<h2 class=\"elementor-heading-title elementor-size-default\">Galeria de trabalhos realizados<\/h2>\t\t<\/div>\n\t\t\t\t<\/div>\n\t\t<div class=\"elementor-element elementor-element-58650b00 e-flex e-con-boxed e-con e-child\" data-id=\"58650b00\" data-element_type=\"container\" data-settings=\"{&quot;background_background&quot;:&quot;classic&quot;,&quot;content_width&quot;:&quot;boxed&quot;}\">\n\t\t\t\t\t<div class=\"e-con-inner\">\n\t\t\t\t<div class=\"elementor-element elementor-element-787922d1 elementor-skin-carousel elementor-arrows-yes elementor-pagination-type-bullets elementor-pagination-position-outside de_scroll_animation_no elementor-widget elementor-widget-media-carousel\" data-id=\"787922d1\" data-element_type=\"widget\" data-settings=\"{&quot;space_between&quot;:{&quot;unit&quot;:&quot;px&quot;,&quot;size&quot;:14,&quot;sizes&quot;:[]},&quot;effect&quot;:&quot;fade&quot;,&quot;skin&quot;:&quot;carousel&quot;,&quot;show_arrows&quot;:&quot;yes&quot;,&quot;pagination&quot;:&quot;bullets&quot;,&quot;speed&quot;:500,&quot;loop&quot;:&quot;yes&quot;,&quot;space_between_tablet&quot;:{&quot;unit&quot;:&quot;px&quot;,&quot;size&quot;:10,&quot;sizes&quot;:[]},&quot;space_between_mobile&quot;:{&quot;unit&quot;:&quot;px&quot;,&quot;size&quot;:10,&quot;sizes&quot;:[]}}\" data-widget_type=\"media-carousel.default\">\n\t\t\t\t<div class=\"elementor-widget-container\">\n\t\t\t<link rel=\"stylesheet\" href=\"https:\/\/ardcempreendimentos.com.br\/wp-content\/plugins\/elementor-pro\/assets\/css\/widget-carousel.min.css\">\t\t<div class=\"elementor-swiper\">\n\t\t\t<div class=\"elementor-main-swiper swiper\">\n\t\t\t\t<div class=\"swiper-wrapper\">\n\t\t\t\t\t\t\t\t\t\t\t<div class=\"swiper-slide\">\n\t\t\t\t\t\t\t\t\t<div class=\"elementor-carousel-image\" role=\"img\" aria-label=\"botanic\" style=\"background-image: url(&#039;https:\/\/ardcempreendimentos.com.br\/wp-content\/uploads\/2023\/12\/botanic.png&#039;)\">\n\n\t\t\t\n\t\t\t\t\t<\/div>\n\t\t\t\t\t\t\t\t<\/div>\n\t\t\t\t\t\t\t\t\t\t\t<div class=\"swiper-slide\">\n\t\t\t\t\t\t\t<a href=\"http:\/\/ardcempreendimentos-com-br.preview-domain.com\/wp-content\/uploads\/2023\/12\/botanique003.jpg\" data-elementor-open-lightbox=\"yes\" data-elementor-lightbox-slideshow=\"787922d1\" data-elementor-lightbox-title=\"Apresenta\u00e7\u00e3o  ARDC\" data-e-action-hash=\"#elementor-action%3Aaction%3Dlightbox%26settings%3DeyJpZCI6MzkxLCJ1cmwiOiJodHRwczpcL1wvYXJkY2VtcHJlZW5kaW1lbnRvcy5jb20uYnJcL3dwLWNvbnRlbnRcL3VwbG9hZHNcLzIwMjNcLzEyXC9ib3RhbmlxdWUwMDMuanBnIiwic2xpZGVzaG93IjoiNzg3OTIyZDEifQ%3D%3D\">\t\t<div class=\"elementor-carousel-image\" role=\"img\" aria-label=\"Apresenta\u00e7\u00e3o  ARDC\" style=\"background-image: url(&#039;https:\/\/ardcempreendimentos.com.br\/wp-content\/uploads\/2023\/12\/botanique003.jpg&#039;)\">\n\n\t\t\t\n\t\t\t\t\t<\/div>\n\t\t<\/a>\t\t\t\t\t\t<\/div>\n\t\t\t\t\t\t\t\t\t\t\t<div class=\"swiper-slide\">\n\t\t\t\t\t\t\t<a href=\"http:\/\/ardcempreendimentos-com-br.preview-domain.com\/wp-content\/uploads\/2023\/12\/botanique004.jpg\" data-elementor-open-lightbox=\"yes\" data-elementor-lightbox-slideshow=\"787922d1\" data-elementor-lightbox-title=\"Apresenta\u00e7\u00e3o  ARDC\" data-e-action-hash=\"#elementor-action%3Aaction%3Dlightbox%26settings%3DeyJpZCI6MzkyLCJ1cmwiOiJodHRwczpcL1wvYXJkY2VtcHJlZW5kaW1lbnRvcy5jb20uYnJcL3dwLWNvbnRlbnRcL3VwbG9hZHNcLzIwMjNcLzEyXC9ib3RhbmlxdWUwMDQuanBnIiwic2xpZGVzaG93IjoiNzg3OTIyZDEifQ%3D%3D\">\t\t<div class=\"elementor-carousel-image\" role=\"img\" aria-label=\"Apresenta\u00e7\u00e3o  ARDC\" style=\"background-image: url(&#039;https:\/\/ardcempreendimentos.com.br\/wp-content\/uploads\/2023\/12\/botanique004.jpg&#039;)\">\n\n\t\t\t\n\t\t\t\t\t<\/div>\n\t\t<\/a>\t\t\t\t\t\t<\/div>\n\t\t\t\t\t\t\t\t\t\t\t<div class=\"swiper-slide\">\n\t\t\t\t\t\t\t<a href=\"http:\/\/ardcempreendimentos-com-br.preview-domain.com\/wp-content\/uploads\/2023\/12\/botanique005.jpg\" data-elementor-open-lightbox=\"yes\" data-elementor-lightbox-slideshow=\"787922d1\" data-elementor-lightbox-title=\"Apresenta\u00e7\u00e3o  ARDC\" data-e-action-hash=\"#elementor-action%3Aaction%3Dlightbox%26settings%3DeyJpZCI6MzkzLCJ1cmwiOiJodHRwczpcL1wvYXJkY2VtcHJlZW5kaW1lbnRvcy5jb20uYnJcL3dwLWNvbnRlbnRcL3VwbG9hZHNcLzIwMjNcLzEyXC9ib3RhbmlxdWUwMDUuanBnIiwic2xpZGVzaG93IjoiNzg3OTIyZDEifQ%3D%3D\">\t\t<div class=\"elementor-carousel-image\" role=\"img\" aria-label=\"Apresenta\u00e7\u00e3o  ARDC\" style=\"background-image: url(&#039;https:\/\/ardcempreendimentos.com.br\/wp-content\/uploads\/2023\/12\/botanique005.jpg&#039;)\">\n\n\t\t\t\n\t\t\t\t\t<\/div>\n\t\t<\/a>\t\t\t\t\t\t<\/div>\n\t\t\t\t\t\t\t\t\t\t\t<div class=\"swiper-slide\">\n\t\t\t\t\t\t\t<a href=\"http:\/\/ardcempreendimentos-com-br.preview-domain.com\/wp-content\/uploads\/2023\/12\/botanique007.jpg\" data-elementor-open-lightbox=\"yes\" data-elementor-lightbox-slideshow=\"787922d1\" data-elementor-lightbox-title=\"Apresenta\u00e7\u00e3o  ARDC\" data-e-action-hash=\"#elementor-action%3Aaction%3Dlightbox%26settings%3DeyJpZCI6Mzk0LCJ1cmwiOiJodHRwczpcL1wvYXJkY2VtcHJlZW5kaW1lbnRvcy5jb20uYnJcL3dwLWNvbnRlbnRcL3VwbG9hZHNcLzIwMjNcLzEyXC9ib3RhbmlxdWUwMDcuanBnIiwic2xpZGVzaG93IjoiNzg3OTIyZDEifQ%3D%3D\">\t\t<div class=\"elementor-carousel-image\" role=\"img\" aria-label=\"Apresenta\u00e7\u00e3o  ARDC\" style=\"background-image: url(&#039;https:\/\/ardcempreendimentos.com.br\/wp-content\/uploads\/2023\/12\/botanique007.jpg&#039;)\">\n\n\t\t\t\n\t\t\t\t\t<\/div>\n\t\t<\/a>\t\t\t\t\t\t<\/div>\n\t\t\t\t\t\t\t\t\t\t\t<div class=\"swiper-slide\">\n\t\t\t\t\t\t\t<a href=\"http:\/\/ardcempreendimentos-com-br.preview-domain.com\/wp-content\/uploads\/2023\/12\/botanique002.jpg\" data-elementor-open-lightbox=\"yes\" data-elementor-lightbox-slideshow=\"787922d1\" data-elementor-lightbox-title=\"Apresenta\u00e7\u00e3o  ARDC\" data-e-action-hash=\"#elementor-action%3Aaction%3Dlightbox%26settings%3DeyJpZCI6Mzk1LCJ1cmwiOiJodHRwczpcL1wvYXJkY2VtcHJlZW5kaW1lbnRvcy5jb20uYnJcL3dwLWNvbnRlbnRcL3VwbG9hZHNcLzIwMjNcLzEyXC9ib3RhbmlxdWUwMDIuanBnIiwic2xpZGVzaG93IjoiNzg3OTIyZDEifQ%3D%3D\">\t\t<div class=\"elementor-carousel-image\" role=\"img\" aria-label=\"Apresenta\u00e7\u00e3o  ARDC\" style=\"background-image: url(&#039;https:\/\/ardcempreendimentos.com.br\/wp-content\/uploads\/2023\/12\/botanique002.jpg&#039;)\">\n\n\t\t\t\n\t\t\t\t\t<\/div>\n\t\t<\/a>\t\t\t\t\t\t<\/div>\n\t\t\t\t\t\t\t\t\t<\/div>\n\t\t\t\t\t\t\t\t\t\t\t\t\t\t\t<div class=\"swiper-pagination\"><\/div>\n\t\t\t\t\t\t\t\t\t\t\t\t\t\t\t\t<div class=\"elementor-swiper-button elementor-swiper-button-prev\" role=\"button\" tabindex=\"0\">\n\t\t\t\t\t\t\t<svg aria-hidden=\"true\" class=\"e-font-icon-svg e-eicon-chevron-left\" viewBox=\"0 0 1000 1000\" xmlns=\"http:\/\/www.w3.org\/2000\/svg\"><path d=\"M646 125C629 125 613 133 604 142L308 442C296 454 292 471 292 487 292 504 296 521 308 533L604 854C617 867 629 875 646 875 663 875 679 871 692 858 704 846 713 829 713 812 713 796 708 779 692 767L438 487 692 225C700 217 708 204 708 187 708 171 704 154 692 142 675 129 663 125 646 125Z\"><\/path><\/svg>\t\t\t\t\t\t\t<span class=\"elementor-screen-only\">Previous<\/span>\n\t\t\t\t\t\t<\/div>\n\t\t\t\t\t\t<div class=\"elementor-swiper-button elementor-swiper-button-next\" role=\"button\" tabindex=\"0\">\n\t\t\t\t\t\t\t<svg aria-hidden=\"true\" class=\"e-font-icon-svg e-eicon-chevron-right\" viewBox=\"0 0 1000 1000\" xmlns=\"http:\/\/www.w3.org\/2000\/svg\"><path d=\"M696 533C708 521 713 504 713 487 713 471 708 454 696 446L400 146C388 133 375 125 354 125 338 125 325 129 313 142 300 154 292 171 292 187 292 204 296 221 308 233L563 492 304 771C292 783 288 800 288 817 288 833 296 850 308 863 321 871 338 875 354 875 371 875 388 867 400 854L696 533Z\"><\/path><\/svg>\t\t\t\t\t\t\t<span class=\"elementor-screen-only\">Next<\/span>\n\t\t\t\t\t\t<\/div>\n\t\t\t\t\t\t\t\t\t\t\t\t<\/div>\n\t\t<\/div>\n\t\t\t\t<\/div>\n\t\t\t\t<\/div>\n\t\t\t\t\t<\/div>\n\t\t\t\t<\/div>\n\t\t\t\t<\/div>\n\t\t\t\t\t\t\t<\/div>\n\t\t","protected":false},"excerpt":{"rendered":"<p>Manuten\u00e7\u00e3o e reformas Queridos clientes em busca de transforma\u00e7\u00f5es, Se voc\u00eas sonham com uma casa mais acolhedora, um espa\u00e7o comercial mais atraente ou um ambiente que reflita verdadeiramente sua personalidade e estilo, est\u00e3o no lugar certo! A ARDC \u00e9 sua parceira confi\u00e1vel e apaixonada por realizar reformas que v\u00e3o al\u00e9m das expectativas e transformam seus [&hellip;]<\/p>\n","protected":false},"author":2,"featured_media":0,"parent":0,"menu_order":0,"comment_status":"closed","ping_status":"closed","template":"","meta":{"_monsterinsights_skip_tracking":false,"_monsterinsights_sitenote_active":false,"_monsterinsights_sitenote_note":"","_monsterinsights_sitenote_category":0,"footnotes":""},"aioseo_notices":[],"_links":{"self":[{"href":"https:\/\/ardcempreendimentos.com.br\/index.php?rest_route=\/wp\/v2\/pages\/836"}],"collection":[{"href":"https:\/\/ardcempreendimentos.com.br\/index.php?rest_route=\/wp\/v2\/pages"}],"about":[{"href":"https:\/\/ardcempreendimentos.com.br\/index.php?rest_route=\/wp\/v2\/types\/page"}],"author":[{"embeddable":true,"href":"https:\/\/ardcempreendimentos.com.br\/index.php?rest_route=\/wp\/v2\/users\/2"}],"replies":[{"embeddable":true,"href":"https:\/\/ardcempreendimentos.com.br\/index.php?rest_route=%2Fwp%2Fv2%2Fcomments&post=836"}],"version-history":[{"count":10,"href":"https:\/\/ardcempreendimentos.com.br\/index.php?rest_route=\/wp\/v2\/pages\/836\/revisions"}],"predecessor-version":[{"id":847,"href":"https:\/\/ardcempreendimentos.com.br\/index.php?rest_route=\/wp\/v2\/pages\/836\/revisions\/847"}],"wp:attachment":[{"href":"https:\/\/ardcempreendimentos.com.br\/index.php?rest_route=%2Fwp%2Fv2%2Fmedia&parent=836"}],"curies":[{"name":"wp","href":"https:\/\/api.w.org\/{rel}","templated":true}]}}